{"id":2818,"date":"2022-04-10T22:56:25","date_gmt":"2022-04-10T22:56:25","guid":{"rendered":"https:\/\/inncloud.com.br\/construtora\/?page_id=2818"},"modified":"2022-04-10T23:00:02","modified_gmt":"2022-04-10T23:00:02","slug":"empreendimentos","status":"publish","type":"page","link":"https:\/\/construtoracavalli.com.br\/index.php\/empreendimentos\/","title":{"rendered":"Empreendimentos"},"content":{"rendered":"\t\t<div data-elementor-type=\"wp-page\" data-elementor-id=\"2818\" class=\"elementor elementor-2818\">\n\t\t\t\t\t\t\t\t\t<section class=\"elementor-section elementor-top-section elementor-element elementor-element-0e0a3f3 elementor-section-boxed elementor-section-height-default elementor-section-height-default\" data-id=\"0e0a3f3\" data-element_type=\"section\">\n\t\t\t\t\t\t<div class=\"elementor-container elementor-column-gap-default\">\n\t\t\t\t\t<div class=\"elementor-column elementor-col-100 elementor-top-column elementor-element elementor-element-2414b6d\" data-id=\"2414b6d\" data-element_type=\"column\">\n\t\t\t<div class=\"elementor-widget-wrap elementor-element-populated\">\n\t\t\t\t\t\t\t\t<div class=\"elementor-element elementor-element-7cee75b elementor-widget elementor-widget-opal-portfolio\" data-id=\"7cee75b\" data-element_type=\"widget\" data-settings=\"{&quot;columns&quot;:&quot;3&quot;,&quot;columns_tablet&quot;:&quot;2&quot;,&quot;columns_mobile&quot;:&quot;1&quot;}\" data-widget_type=\"opal-portfolio.default\">\n\t\t\t\t<div class=\"elementor-widget-container\">\n\t\t\t        <div class=\"elementor-post-wrapper elementor-portfolio-style-default1\" id=\"isotope-7cee75b\">\n            <div class=\"row isotope-grid\" data-elementor-columns=\"3\" data-elementor-columns-tablet=\"2\" data-elementor-columns-mobile=\"1\">\n                <div class=\"column-item portfolio-entries __all \"><article id=\"post-64\" class=\"portfolio portfolio-style2 post-64 osf_portfolio type-osf_portfolio status-publish has-post-thumbnail hentry\">\n    <div class=\"portfolio-inner\">\n        <div class=\"portfolio-post-thumbnail\">\n                            <img loading=\"lazy\" decoding=\"async\" width=\"1400\" height=\"700\" src=\"https:\/\/construtoracavalli.com.br\/wp-content\/uploads\/2022\/04\/SLIDE11-1400x700.jpg\" class=\"attachment-rehomes-featured-image-full size-rehomes-featured-image-full wp-post-image\" alt=\"\" \/>                    <\/div><!-- .post-thumbnail -->\n        <div class=\"portfolio-content\">\n            <div class=\"portfolio-content-inner\">\n                                <h4 class=\"entry-title\"><a href=\"https:\/\/construtoracavalli.com.br\/index.php\/portfolio\/villa-universita-residence\/\">Villa Universit\u00e1 Residence<\/a><\/h4>\n                \n                <div class=\"entry-locations\">Lages - SC<\/div>\n\n                                                    <ul class=\"portfolio-list\">\n                        <li><label>Status <\/label><p>Em Contru\u00e7\u00e3o<\/p><\/li>                        <li><label>Area <\/label><p>70m4<\/p><\/li>                        <li><label>Tipo <\/label><p>Apartmentos<\/p><\/li>                    <\/ul>\n                            <\/div>\n\n\n        <\/div>\n    <\/div>\n<\/article><!-- #post-## --><\/div><div class=\"column-item portfolio-entries __all \"><article id=\"post-63\" class=\"portfolio portfolio-style2 post-63 osf_portfolio type-osf_portfolio status-publish has-post-thumbnail hentry\">\n    <div class=\"portfolio-inner\">\n        <div class=\"portfolio-post-thumbnail\">\n                            <img loading=\"lazy\" decoding=\"async\" width=\"1400\" height=\"700\" src=\"https:\/\/construtoracavalli.com.br\/wp-content\/uploads\/2019\/11\/project_14-1400x700.jpg\" class=\"attachment-rehomes-featured-image-full size-rehomes-featured-image-full wp-post-image\" alt=\"\" \/>                    <\/div><!-- .post-thumbnail -->\n        <div class=\"portfolio-content\">\n            <div class=\"portfolio-content-inner\">\n                                <h4 class=\"entry-title\"><a href=\"https:\/\/construtoracavalli.com.br\/index.php\/portfolio\/resort-villas\/\">Resort &#038; Villas<\/a><\/h4>\n                \n                <div class=\"entry-locations\">New york, USA<\/div>\n\n                                                    <ul class=\"portfolio-list\">\n                        <li><label>Status <\/label><p>Under Construction<\/p><\/li>                        <li><label>Area <\/label><p>1000 - 1500 Sq ft<\/p><\/li>                        <li><label>Tipo <\/label><p>Villa<\/p><\/li>                    <\/ul>\n                            <\/div>\n\n\n        <\/div>\n    <\/div>\n<\/article><!-- #post-## --><\/div><div class=\"column-item portfolio-entries __all \"><article id=\"post-62\" class=\"portfolio portfolio-style2 post-62 osf_portfolio type-osf_portfolio status-publish has-post-thumbnail hentry\">\n    <div class=\"portfolio-inner\">\n        <div class=\"portfolio-post-thumbnail\">\n                            <img loading=\"lazy\" decoding=\"async\" width=\"1400\" height=\"700\" src=\"https:\/\/construtoracavalli.com.br\/wp-content\/uploads\/2019\/11\/project_13-1400x700.jpg\" class=\"attachment-rehomes-featured-image-full size-rehomes-featured-image-full wp-post-image\" alt=\"\" \/>                    <\/div><!-- .post-thumbnail -->\n        <div class=\"portfolio-content\">\n            <div class=\"portfolio-content-inner\">\n                                <h4 class=\"entry-title\"><a href=\"https:\/\/construtoracavalli.com.br\/index.php\/portfolio\/rehomes-golden-river\/\">ReHomes Golden River<\/a><\/h4>\n                \n                <div class=\"entry-locations\">New york, USA<\/div>\n\n                                                    <ul class=\"portfolio-list\">\n                        <li><label>Status <\/label><p>Under Construction<\/p><\/li>                        <li><label>Area <\/label><p>800 - 2000 Sq ft<\/p><\/li>                        <li><label>Tipo <\/label><p>Apartment<\/p><\/li>                    <\/ul>\n                            <\/div>\n\n\n        <\/div>\n    <\/div>\n<\/article><!-- #post-## --><\/div><div class=\"column-item portfolio-entries __all \"><article id=\"post-61\" class=\"portfolio portfolio-style2 post-61 osf_portfolio type-osf_portfolio status-publish has-post-thumbnail hentry\">\n    <div class=\"portfolio-inner\">\n        <div class=\"portfolio-post-thumbnail\">\n                            <img loading=\"lazy\" decoding=\"async\" width=\"1400\" height=\"700\" src=\"https:\/\/construtoracavalli.com.br\/wp-content\/uploads\/2019\/11\/project_12-1400x700.jpg\" class=\"attachment-rehomes-featured-image-full size-rehomes-featured-image-full wp-post-image\" alt=\"\" \/>                    <\/div><!-- .post-thumbnail -->\n        <div class=\"portfolio-content\">\n            <div class=\"portfolio-content-inner\">\n                                <h4 class=\"entry-title\"><a href=\"https:\/\/construtoracavalli.com.br\/index.php\/portfolio\/rehomes-shophouse\/\">ReHomes Shophouse<\/a><\/h4>\n                \n                <div class=\"entry-locations\">New york, USA<\/div>\n\n                                                    <ul class=\"portfolio-list\">\n                        <li><label>Status <\/label><p>Finish<\/p><\/li>                        <li><label>Area <\/label><p>1000 - 1500 Sq ft<\/p><\/li>                        <li><label>Tipo <\/label><p>Factory<\/p><\/li>                    <\/ul>\n                            <\/div>\n\n\n        <\/div>\n    <\/div>\n<\/article><!-- #post-## --><\/div><div class=\"column-item portfolio-entries __all \"><article id=\"post-60\" class=\"portfolio portfolio-style2 post-60 osf_portfolio type-osf_portfolio status-publish has-post-thumbnail hentry\">\n    <div class=\"portfolio-inner\">\n        <div class=\"portfolio-post-thumbnail\">\n                            <img loading=\"lazy\" decoding=\"async\" width=\"1400\" height=\"700\" src=\"https:\/\/construtoracavalli.com.br\/wp-content\/uploads\/2019\/11\/project_11-1400x700.jpg\" class=\"attachment-rehomes-featured-image-full size-rehomes-featured-image-full wp-post-image\" alt=\"\" \/>                    <\/div><!-- .post-thumbnail -->\n        <div class=\"portfolio-content\">\n            <div class=\"portfolio-content-inner\">\n                                <h4 class=\"entry-title\"><a href=\"https:\/\/construtoracavalli.com.br\/index.php\/portfolio\/rehomes-star-city\/\">ReHomes Star City<\/a><\/h4>\n                \n                <div class=\"entry-locations\">Las Vegas, USA<\/div>\n\n                                                    <ul class=\"portfolio-list\">\n                        <li><label>Status <\/label><p>Under Construction<\/p><\/li>                        <li><label>Area <\/label><p>1200 - 1500 Sq ft<\/p><\/li>                        <li><label>Tipo <\/label><p>Sky villa<\/p><\/li>                    <\/ul>\n                            <\/div>\n\n\n        <\/div>\n    <\/div>\n<\/article><!-- #post-## --><\/div><div class=\"column-item portfolio-entries __all \"><article id=\"post-59\" class=\"portfolio portfolio-style2 post-59 osf_portfolio type-osf_portfolio status-publish has-post-thumbnail hentry\">\n    <div class=\"portfolio-inner\">\n        <div class=\"portfolio-post-thumbnail\">\n                            <img loading=\"lazy\" decoding=\"async\" width=\"1400\" height=\"700\" src=\"https:\/\/construtoracavalli.com.br\/wp-content\/uploads\/2019\/11\/project_10-1400x700.jpg\" class=\"attachment-rehomes-featured-image-full size-rehomes-featured-image-full wp-post-image\" alt=\"\" \/>                    <\/div><!-- .post-thumbnail -->\n        <div class=\"portfolio-content\">\n            <div class=\"portfolio-content-inner\">\n                                <h4 class=\"entry-title\"><a href=\"https:\/\/construtoracavalli.com.br\/index.php\/portfolio\/rehomes-west-point\/\">ReHomes West Point<\/a><\/h4>\n                \n                <div class=\"entry-locations\">Miami, USA<\/div>\n\n                                                    <ul class=\"portfolio-list\">\n                        <li><label>Status <\/label><p>Under Construction<\/p><\/li>                        <li><label>Area <\/label><p>1200 - 1800 Sq ft<\/p><\/li>                        <li><label>Tipo <\/label><p>Apartment<\/p><\/li>                    <\/ul>\n                            <\/div>\n\n\n        <\/div>\n    <\/div>\n<\/article><!-- #post-## --><\/div>            <\/div>\n        <\/div>\n                \t\t<\/div>\n\t\t\t\t<\/div>\n\t\t\t\t\t<\/div>\n\t\t<\/div>\n\t\t\t\t\t\t\t<\/div>\n\t\t<\/section>\n\t\t\t\t\t\t\t<\/div>\n\t\t","protected":false},"excerpt":{"rendered":"<p>VILLA UNIVERSIT\u00c0 RESIDENCE Lages &#8211; SC Status Em Contru\u00e7\u00e3o Area 70m4 Tipo Apartmentos Resort &amp; Villas New york, USA Status Under Construction Area 1000 &#8211; 1500 Sq ft Tipo Villa ReHomes Golden River New york, USA Status Under Construction Area 800 &#8211; 2000 Sq ft Tipo Apartment ReHomes Shophouse New york, USA Status Finish Area &hellip; <\/p>\n<p class=\"link-more\"><a href=\"https:\/\/construtoracavalli.com.br\/index.php\/portfolio\/rehomes-west-point\/\" class=\"more-link\">Read More <span class=\"screen-reader-text\"> &#8220;ReHomes West Point&#8221;<\/span><\/a><\/p>\n","protected":false},"author":1,"featured_media":0,"parent":0,"menu_order":0,"comment_status":"closed","ping_status":"closed","template":"","meta":{"inline_featured_image":false,"_mi_skip_tracking":false,"footnotes":""},"class_list":["post-2818","page","type-page","status-publish","hentry"],"yoast_head":"<!-- This site is optimized with the Yoast SEO plugin v18.5.1 - https:\/\/yoast.com\/wordpress\/plugins\/seo\/ -->\n<title>Empreendimentos - Construtora Cavalli<\/title>\n<meta name=\"robots\" content=\"index, follow, max-snippet:-1, max-image-preview:large, max-video-preview:-1\" \/>\n<link rel=\"canonical\" href=\"https:\/\/construtoracavalli.com.br\/index.php\/empreendimentos\/\" \/>\n<meta property=\"og:locale\" content=\"pt_BR\" \/>\n<meta property=\"og:type\" content=\"article\" \/>\n<meta property=\"og:title\" content=\"Empreendimentos - Construtora Cavalli\" \/>\n<meta property=\"og:description\" content=\"VILLA UNIVERSIT\u00c0 RESIDENCE Lages &#8211; SC Status Em Contru\u00e7\u00e3o Area 70m4 Tipo Apartmentos Resort &amp; Villas New york, USA Status Under Construction Area 1000 &#8211; 1500 Sq ft Tipo Villa ReHomes Golden River New york, USA Status Under Construction Area 800 &#8211; 2000 Sq ft Tipo Apartment ReHomes Shophouse New york, USA Status Finish Area &hellip; Read More &quot;ReHomes West Point&quot;\" \/>\n<meta property=\"og:url\" content=\"https:\/\/construtoracavalli.com.br\/index.php\/empreendimentos\/\" \/>\n<meta property=\"og:site_name\" content=\"Construtora Cavalli\" \/>\n<meta property=\"article:publisher\" content=\"https:\/\/www.facebook.com\/Construtora-Cavalli-1947465838854931\" \/>\n<meta property=\"article:modified_time\" content=\"2022-04-10T23:00:02+00:00\" \/>\n<meta property=\"og:image\" content=\"https:\/\/inncloud.com.br\/construtora\/wp-content\/uploads\/2022\/04\/SLIDE11-1400x700.jpg\" \/>\n<meta name=\"twitter:card\" content=\"summary_large_image\" \/>\n<script type=\"application\/ld+json\" class=\"yoast-schema-graph\">{\"@context\":\"https:\/\/schema.org\",\"@graph\":[{\"@type\":\"Organization\",\"@id\":\"https:\/\/construtoracavalli.com.br\/#organization\",\"name\":\"Sociedade boa vista de comunica\u00e7\u00e3o ltda\",\"url\":\"https:\/\/construtoracavalli.com.br\/\",\"sameAs\":[\"https:\/\/www.facebook.com\/Construtora-Cavalli-1947465838854931\",\"https:\/\/www.instagram.com\/construtoracavalli\/\"],\"logo\":{\"@type\":\"ImageObject\",\"@id\":\"https:\/\/construtoracavalli.com.br\/#logo\",\"inLanguage\":\"pt-BR\",\"url\":\"https:\/\/site.construtoracavalli.com.br\/wp-content\/uploads\/2022\/04\/Log_cav01.jpg\",\"contentUrl\":\"https:\/\/site.construtoracavalli.com.br\/wp-content\/uploads\/2022\/04\/Log_cav01.jpg\",\"width\":353,\"height\":200,\"caption\":\"Sociedade boa vista de comunica\u00e7\u00e3o ltda\"},\"image\":{\"@id\":\"https:\/\/construtoracavalli.com.br\/#logo\"}},{\"@type\":\"WebSite\",\"@id\":\"https:\/\/construtoracavalli.com.br\/#website\",\"url\":\"https:\/\/construtoracavalli.com.br\/\",\"name\":\"Construtora Cavalli\",\"description\":\"Lages\",\"publisher\":{\"@id\":\"https:\/\/construtoracavalli.com.br\/#organization\"},\"potentialAction\":[{\"@type\":\"SearchAction\",\"target\":{\"@type\":\"EntryPoint\",\"urlTemplate\":\"https:\/\/construtoracavalli.com.br\/?s={search_term_string}\"},\"query-input\":\"required name=search_term_string\"}],\"inLanguage\":\"pt-BR\"},{\"@type\":\"ImageObject\",\"@id\":\"https:\/\/construtoracavalli.com.br\/index.php\/empreendimentos\/#primaryimage\",\"inLanguage\":\"pt-BR\",\"url\":\"https:\/\/inncloud.com.br\/construtora\/wp-content\/uploads\/2022\/04\/SLIDE11-1400x700.jpg\",\"contentUrl\":\"https:\/\/inncloud.com.br\/construtora\/wp-content\/uploads\/2022\/04\/SLIDE11-1400x700.jpg\"},{\"@type\":\"WebPage\",\"@id\":\"https:\/\/construtoracavalli.com.br\/index.php\/empreendimentos\/#webpage\",\"url\":\"https:\/\/construtoracavalli.com.br\/index.php\/empreendimentos\/\",\"name\":\"Empreendimentos - Construtora Cavalli\",\"isPartOf\":{\"@id\":\"https:\/\/construtoracavalli.com.br\/#website\"},\"primaryImageOfPage\":{\"@id\":\"https:\/\/construtoracavalli.com.br\/index.php\/empreendimentos\/#primaryimage\"},\"datePublished\":\"2022-04-10T22:56:25+00:00\",\"dateModified\":\"2022-04-10T23:00:02+00:00\",\"breadcrumb\":{\"@id\":\"https:\/\/construtoracavalli.com.br\/index.php\/empreendimentos\/#breadcrumb\"},\"inLanguage\":\"pt-BR\",\"potentialAction\":[{\"@type\":\"ReadAction\",\"target\":[\"https:\/\/construtoracavalli.com.br\/index.php\/empreendimentos\/\"]}]},{\"@type\":\"BreadcrumbList\",\"@id\":\"https:\/\/construtoracavalli.com.br\/index.php\/empreendimentos\/#breadcrumb\",\"itemListElement\":[{\"@type\":\"ListItem\",\"position\":1,\"name\":\"In\u00edcio\",\"item\":\"https:\/\/construtoracavalli.com.br\/\"},{\"@type\":\"ListItem\",\"position\":2,\"name\":\"Empreendimentos\"}]}]}<\/script>\n<!-- \/ Yoast SEO plugin. -->","yoast_head_json":{"title":"Empreendimentos - Construtora Cavalli","robots":{"index":"index","follow":"follow","max-snippet":"max-snippet:-1","max-image-preview":"max-image-preview:large","max-video-preview":"max-video-preview:-1"},"canonical":"https:\/\/construtoracavalli.com.br\/index.php\/empreendimentos\/","og_locale":"pt_BR","og_type":"article","og_title":"Empreendimentos - Construtora Cavalli","og_description":"VILLA UNIVERSIT\u00c0 RESIDENCE Lages &#8211; SC Status Em Contru\u00e7\u00e3o Area 70m4 Tipo Apartmentos Resort &amp; Villas New york, USA Status Under Construction Area 1000 &#8211; 1500 Sq ft Tipo Villa ReHomes Golden River New york, USA Status Under Construction Area 800 &#8211; 2000 Sq ft Tipo Apartment ReHomes Shophouse New york, USA Status Finish Area &hellip; Read More \"ReHomes West Point\"","og_url":"https:\/\/construtoracavalli.com.br\/index.php\/empreendimentos\/","og_site_name":"Construtora Cavalli","article_publisher":"https:\/\/www.facebook.com\/Construtora-Cavalli-1947465838854931","article_modified_time":"2022-04-10T23:00:02+00:00","og_image":[{"url":"https:\/\/inncloud.com.br\/construtora\/wp-content\/uploads\/2022\/04\/SLIDE11-1400x700.jpg"}],"twitter_card":"summary_large_image","schema":{"@context":"https:\/\/schema.org","@graph":[{"@type":"Organization","@id":"https:\/\/construtoracavalli.com.br\/#organization","name":"Sociedade boa vista de comunica\u00e7\u00e3o ltda","url":"https:\/\/construtoracavalli.com.br\/","sameAs":["https:\/\/www.facebook.com\/Construtora-Cavalli-1947465838854931","https:\/\/www.instagram.com\/construtoracavalli\/"],"logo":{"@type":"ImageObject","@id":"https:\/\/construtoracavalli.com.br\/#logo","inLanguage":"pt-BR","url":"https:\/\/site.construtoracavalli.com.br\/wp-content\/uploads\/2022\/04\/Log_cav01.jpg","contentUrl":"https:\/\/site.construtoracavalli.com.br\/wp-content\/uploads\/2022\/04\/Log_cav01.jpg","width":353,"height":200,"caption":"Sociedade boa vista de comunica\u00e7\u00e3o ltda"},"image":{"@id":"https:\/\/construtoracavalli.com.br\/#logo"}},{"@type":"WebSite","@id":"https:\/\/construtoracavalli.com.br\/#website","url":"https:\/\/construtoracavalli.com.br\/","name":"Construtora Cavalli","description":"Lages","publisher":{"@id":"https:\/\/construtoracavalli.com.br\/#organization"},"potentialAction":[{"@type":"SearchAction","target":{"@type":"EntryPoint","urlTemplate":"https:\/\/construtoracavalli.com.br\/?s={search_term_string}"},"query-input":"required name=search_term_string"}],"inLanguage":"pt-BR"},{"@type":"ImageObject","@id":"https:\/\/construtoracavalli.com.br\/index.php\/empreendimentos\/#primaryimage","inLanguage":"pt-BR","url":"https:\/\/inncloud.com.br\/construtora\/wp-content\/uploads\/2022\/04\/SLIDE11-1400x700.jpg","contentUrl":"https:\/\/inncloud.com.br\/construtora\/wp-content\/uploads\/2022\/04\/SLIDE11-1400x700.jpg"},{"@type":"WebPage","@id":"https:\/\/construtoracavalli.com.br\/index.php\/empreendimentos\/#webpage","url":"https:\/\/construtoracavalli.com.br\/index.php\/empreendimentos\/","name":"Empreendimentos - Construtora Cavalli","isPartOf":{"@id":"https:\/\/construtoracavalli.com.br\/#website"},"primaryImageOfPage":{"@id":"https:\/\/construtoracavalli.com.br\/index.php\/empreendimentos\/#primaryimage"},"datePublished":"2022-04-10T22:56:25+00:00","dateModified":"2022-04-10T23:00:02+00:00","breadcrumb":{"@id":"https:\/\/construtoracavalli.com.br\/index.php\/empreendimentos\/#breadcrumb"},"inLanguage":"pt-BR","potentialAction":[{"@type":"ReadAction","target":["https:\/\/construtoracavalli.com.br\/index.php\/empreendimentos\/"]}]},{"@type":"BreadcrumbList","@id":"https:\/\/construtoracavalli.com.br\/index.php\/empreendimentos\/#breadcrumb","itemListElement":[{"@type":"ListItem","position":1,"name":"In\u00edcio","item":"https:\/\/construtoracavalli.com.br\/"},{"@type":"ListItem","position":2,"name":"Empreendimentos"}]}]}},"_links":{"self":[{"href":"https:\/\/construtoracavalli.com.br\/index.php\/wp-json\/wp\/v2\/pages\/2818","targetHints":{"allow":["GET"]}}],"collection":[{"href":"https:\/\/construtoracavalli.com.br\/index.php\/wp-json\/wp\/v2\/pages"}],"about":[{"href":"https:\/\/construtoracavalli.com.br\/index.php\/wp-json\/wp\/v2\/types\/page"}],"author":[{"embeddable":true,"href":"https:\/\/construtoracavalli.com.br\/index.php\/wp-json\/wp\/v2\/users\/1"}],"replies":[{"embeddable":true,"href":"https:\/\/construtoracavalli.com.br\/index.php\/wp-json\/wp\/v2\/comments?post=2818"}],"version-history":[{"count":5,"href":"https:\/\/construtoracavalli.com.br\/index.php\/wp-json\/wp\/v2\/pages\/2818\/revisions"}],"predecessor-version":[{"id":2823,"href":"https:\/\/construtoracavalli.com.br\/index.php\/wp-json\/wp\/v2\/pages\/2818\/revisions\/2823"}],"wp:attachment":[{"href":"https:\/\/construtoracavalli.com.br\/index.php\/wp-json\/wp\/v2\/media?parent=2818"}],"curies":[{"name":"wp","href":"https:\/\/api.w.org\/{rel}","templated":true}]}}